{"id":5133,"date":"2021-06-15T13:45:18","date_gmt":"2021-06-15T13:45:18","guid":{"rendered":"https:\/\/nimbustelecom.cat\/?page_id=5133"},"modified":"2022-04-21T15:05:10","modified_gmt":"2022-04-21T15:05:10","slug":"fibra-fijo-movil","status":"publish","type":"page","link":"https:\/\/nimbustelecom.cat\/es\/fibra-fijo-movil\/","title":{"rendered":"Fibra + M\u00f3vil"},"content":{"rendered":"<p>[vc_row css_animation=&#8221;&#8221; row_type=&#8221;row&#8221; use_row_as_full_screen_section=&#8221;no&#8221; type=&#8221;grid&#8221; angled_section=&#8221;no&#8221; text_align=&#8221;center&#8221; background_image_as_pattern=&#8221;without_pattern&#8221; z_index=&#8221;&#8221; padding_top=&#8221;80&#8243; padding_bottom=&#8221;80&#8243; anchor=&#8221;wimax&#8221;][vc_column][vc_row_inner row_type=&#8221;row&#8221; type=&#8221;full_width&#8221; text_align=&#8221;left&#8221; css_animation=&#8221;&#8221;][vc_column_inner][vc_column_text]<\/p>\n<h2 style=\"text-align: left;\">Existen tantas combinaciones que hemos optado por aplicar un descuento del 10% en todas nuestras tarifas de m\u00f3vil siempre que se contrate la fibra. \u00a1Somos as\u00ed, f\u00e1ciles, directos y transparentes!<br \/>\nPuede consultar nuestras tarifas de fibra <a href=\"https:\/\/nimbustelecom.cat\/es\/fibra\/\">aqu\u00ed<\/a>, y las de m\u00f3vil <a href=\"https:\/\/nimbustelecom.cat\/es\/movil\/\">aqu\u00ed<\/a>.<br \/>\nSi quiere que calculemos nosotros la cuota, contacte con <a href=\"https:\/\/linktr.ee\/nimbustelecom\">Nimbus Telecom.<\/a><br \/>\nPodr\u00e1 tener todas las l\u00edneas m\u00f3viles que quiera.<br \/>\nLa permanencia solo se aplica ala fibra, nunca a las l\u00edneas m\u00f3viles.<br \/>\nLa l\u00ednea fija siempre se puede a\u00f1adir al paquete de servicios, pero no aplicamos descuento en las <a href=\"https:\/\/nimbustelecom.cat\/es\/fibra-fijo\/\">tarifas disponibles<\/a>.<\/h2>\n<p>[\/vc_column_text][\/vc_column_inner][\/vc_row_inner][\/vc_column][\/vc_row][vc_row css_animation=&#8221;&#8221; row_type=&#8221;row&#8221; use_row_as_full_screen_section=&#8221;no&#8221; type=&#8221;full_width&#8221; angled_section=&#8221;no&#8221; text_align=&#8221;left&#8221; background_image_as_pattern=&#8221;without_pattern&#8221; z_index=&#8221;&#8221; background_image=&#8221;4039&#8243;][vc_column][vc_row_inner row_type=&#8221;row&#8221; type=&#8221;grid&#8221; text_align=&#8221;center&#8221; css_animation=&#8221;&#8221;][vc_column_inner][vc_empty_space height=&#8221;90px&#8221;][vc_raw_html]JTNDaDIlMjBzdHlsZSUzRCUyMmZvbnQtd2VpZ2h0JTNBJTIwMjAwJTNCJTIwZm9udC1zaXplJTNBJTIwNDBweCUzQiUyMGNvbG9yJTNBJTIwd2hpdGUlM0IlMjBsaW5lLWhlaWdodCUzQSUyMDUwcHglM0IlMjIlM0UlQzIlQkZUaWVuZXMlMjBhbGd1bmElMjBwcmVndW50YSUzRiUyMCUyMUxsJUMzJUExbWFub3MlMjElM0MlMkZoMiUzRQ==[\/vc_raw_html][vc_empty_space height=&#8221;45px&#8221;][vc_raw_html]JTNDaDIlMjBzdHlsZSUzRCUyMmZvbnQtd2VpZ2h0JTNBJTIwNTAwJTNCJTIwZm9udC1zaXplJTNBJTIwNDVweCUzQiUyMGNvbG9yJTNBJTIwd2hpdGUlM0IlMjBsaW5lLWhlaWdodCUzQSUyMDU1cHglM0IlMjIlM0U5NzIlMjA4NTAlMjAxNTUlM0MlMkZoMiUzRQ==[\/vc_raw_html][vc_empty_space height=&#8221;45px&#8221;]<a  itemprop=\"url\" href=\"https:\/\/nimbustelecom.cat\/es\/contacto\/\" target=\"_self\" data-hover-background-color='#ff4d0e' data-hover-border-color='#ff4d0e' data-hover-color='#ffffff' class=\"qbutton  center default\" style=\"color: #ffffff; border-color: #ffffff; font-weight: 400; font-size: 17px; background-color: rgba(255,255,255,0.01);\">Contacta con nosotros<\/a>[\/vc_column_inner][\/vc_row_inner][vc_empty_space height=&#8221;90px&#8221;][\/vc_column][\/vc_row]<\/p>\n","protected":false},"excerpt":{"rendered":"<p>[vc_row css_animation=&#8221;&#8221; row_type=&#8221;row&#8221; use_row_as_full_screen_section=&#8221;no&#8221; type=&#8221;grid&#8221; angled_section=&#8221;no&#8221; text_align=&#8221;center&#8221; background_image_as_pattern=&#8221;without_pattern&#8221; z_index=&#8221;&#8221; padding_top=&#8221;80&#8243; padding_bottom=&#8221;80&#8243; anchor=&#8221;wimax&#8221;][vc_column][vc_row_inner row_type=&#8221;row&#8221; type=&#8221;full_width&#8221; text_align=&#8221;left&#8221; css_animation=&#8221;&#8221;][vc_column_inner][vc_column_text] Existen tantas combinaciones que hemos optado por aplicar un descuento del 10% en todas nuestras tarifas de m\u00f3vil siempre que se contrate la fibra. \u00a1Somos as\u00ed, f\u00e1ciles, directos y&#8230;<\/p>\n","protected":false},"author":1,"featured_media":5134,"parent":0,"menu_order":0,"comment_status":"closed","ping_status":"closed","template":"full_width.php","meta":[],"yoast_head":"<!-- This site is optimized with the Yoast SEO plugin v16.4 - https:\/\/yoast.com\/wordpress\/plugins\/seo\/ -->\n<title>Fibra + M\u00f3vil | Nimbus Telecom<\/title>\n<meta name=\"description\" content=\"Aprovecha los packs Nimbus de telefon\u00eda fija m\u00e1s fibra m\u00e1s m\u00f3vil y disfruta de la mejor conexi\u00f3n al mejor precio.\" \/>\n<meta name=\"robots\" content=\"index, follow, max-snippet:-1, max-image-preview:large, max-video-preview:-1\" \/>\n<link rel=\"canonical\" href=\"https:\/\/nimbustelecom.cat\/es\/fibra-fijo-movil\/\" \/>\n<meta property=\"og:locale\" content=\"es_ES\" \/>\n<meta property=\"og:type\" content=\"article\" \/>\n<meta property=\"og:title\" content=\"Fibra + M\u00f3vil | Nimbus Telecom\" \/>\n<meta property=\"og:description\" content=\"Aprovecha los packs Nimbus de telefon\u00eda fija m\u00e1s fibra m\u00e1s m\u00f3vil y disfruta de la mejor conexi\u00f3n al mejor precio.\" \/>\n<meta property=\"og:url\" content=\"https:\/\/nimbustelecom.cat\/es\/fibra-fijo-movil\/\" \/>\n<meta property=\"og:site_name\" content=\"Nimbus Telecom\" \/>\n<meta property=\"article:modified_time\" content=\"2022-04-21T15:05:10+00:00\" \/>\n<meta property=\"og:image\" content=\"http:\/\/nimbustelecom.cat\/wp-content\/uploads\/2021\/06\/nimbus-fibra-fix-mobil-header.jpg\" \/>\n\t<meta property=\"og:image:width\" content=\"1920\" \/>\n\t<meta property=\"og:image:height\" content=\"650\" \/>\n<meta name=\"twitter:card\" content=\"summary_large_image\" \/>\n<meta name=\"twitter:label1\" content=\"Tiempo de lectura\" \/>\n\t<meta name=\"twitter:data1\" content=\"1 minuto\" \/>\n<script type=\"application\/ld+json\" class=\"yoast-schema-graph\">{\"@context\":\"https:\/\/schema.org\",\"@graph\":[{\"@type\":\"Organization\",\"@id\":\"https:\/\/nimbustelecom.cat\/#organization\",\"name\":\"NIMBUS TELECOM S.L.\",\"url\":\"https:\/\/nimbustelecom.cat\/\",\"sameAs\":[],\"logo\":{\"@type\":\"ImageObject\",\"@id\":\"https:\/\/nimbustelecom.cat\/#logo\",\"inLanguage\":\"es\",\"url\":\"http:\/\/nimbustelecom.cat\/wp-content\/uploads\/2020\/02\/nimbus-logo-color.png\",\"contentUrl\":\"http:\/\/nimbustelecom.cat\/wp-content\/uploads\/2020\/02\/nimbus-logo-color.png\",\"width\":400,\"height\":113,\"caption\":\"NIMBUS TELECOM S.L.\"},\"image\":{\"@id\":\"https:\/\/nimbustelecom.cat\/#logo\"}},{\"@type\":\"WebSite\",\"@id\":\"https:\/\/nimbustelecom.cat\/#website\",\"url\":\"https:\/\/nimbustelecom.cat\/\",\"name\":\"Nimbus Telecom\",\"description\":\"Operador de Telecomunicacions\",\"publisher\":{\"@id\":\"https:\/\/nimbustelecom.cat\/#organization\"},\"potentialAction\":[{\"@type\":\"SearchAction\",\"target\":\"https:\/\/nimbustelecom.cat\/?s={search_term_string}\",\"query-input\":\"required name=search_term_string\"}],\"inLanguage\":\"es\"},{\"@type\":\"ImageObject\",\"@id\":\"https:\/\/nimbustelecom.cat\/es\/fibra-fijo-movil\/#primaryimage\",\"inLanguage\":\"es\",\"url\":\"https:\/\/nimbustelecom.cat\/wp-content\/uploads\/2021\/06\/nimbus-fibra-fix-mobil-header.jpg\",\"contentUrl\":\"https:\/\/nimbustelecom.cat\/wp-content\/uploads\/2021\/06\/nimbus-fibra-fix-mobil-header.jpg\",\"width\":1920,\"height\":650,\"caption\":\"Fibra + Fix + M\\u00f2bil\"},{\"@type\":\"WebPage\",\"@id\":\"https:\/\/nimbustelecom.cat\/es\/fibra-fijo-movil\/#webpage\",\"url\":\"https:\/\/nimbustelecom.cat\/es\/fibra-fijo-movil\/\",\"name\":\"Fibra + M\\u00f3vil | Nimbus Telecom\",\"isPartOf\":{\"@id\":\"https:\/\/nimbustelecom.cat\/#website\"},\"primaryImageOfPage\":{\"@id\":\"https:\/\/nimbustelecom.cat\/es\/fibra-fijo-movil\/#primaryimage\"},\"datePublished\":\"2021-06-15T13:45:18+00:00\",\"dateModified\":\"2022-04-21T15:05:10+00:00\",\"description\":\"Aprovecha los packs Nimbus de telefon\\u00eda fija m\\u00e1s fibra m\\u00e1s m\\u00f3vil y disfruta de la mejor conexi\\u00f3n al mejor precio.\",\"breadcrumb\":{\"@id\":\"https:\/\/nimbustelecom.cat\/es\/fibra-fijo-movil\/#breadcrumb\"},\"inLanguage\":\"es\",\"potentialAction\":[{\"@type\":\"ReadAction\",\"target\":[\"https:\/\/nimbustelecom.cat\/es\/fibra-fijo-movil\/\"]}]},{\"@type\":\"BreadcrumbList\",\"@id\":\"https:\/\/nimbustelecom.cat\/es\/fibra-fijo-movil\/#breadcrumb\",\"itemListElement\":[{\"@type\":\"ListItem\",\"position\":1,\"item\":{\"@type\":\"WebPage\",\"@id\":\"https:\/\/nimbustelecom.cat\/es\/\",\"url\":\"https:\/\/nimbustelecom.cat\/es\/\",\"name\":\"Inici\"}},{\"@type\":\"ListItem\",\"position\":2,\"item\":{\"@id\":\"https:\/\/nimbustelecom.cat\/es\/fibra-fijo-movil\/#webpage\"}}]}]}<\/script>\n<!-- \/ Yoast SEO plugin. -->","_links":{"self":[{"href":"https:\/\/nimbustelecom.cat\/es\/wp-json\/wp\/v2\/pages\/5133"}],"collection":[{"href":"https:\/\/nimbustelecom.cat\/es\/wp-json\/wp\/v2\/pages"}],"about":[{"href":"https:\/\/nimbustelecom.cat\/es\/wp-json\/wp\/v2\/types\/page"}],"author":[{"embeddable":true,"href":"https:\/\/nimbustelecom.cat\/es\/wp-json\/wp\/v2\/users\/1"}],"replies":[{"embeddable":true,"href":"https:\/\/nimbustelecom.cat\/es\/wp-json\/wp\/v2\/comments?post=5133"}],"version-history":[{"count":5,"href":"https:\/\/nimbustelecom.cat\/es\/wp-json\/wp\/v2\/pages\/5133\/revisions"}],"predecessor-version":[{"id":5456,"href":"https:\/\/nimbustelecom.cat\/es\/wp-json\/wp\/v2\/pages\/5133\/revisions\/5456"}],"wp:featuredmedia":[{"embeddable":true,"href":"https:\/\/nimbustelecom.cat\/es\/wp-json\/wp\/v2\/media\/5134"}],"wp:attachment":[{"href":"https:\/\/nimbustelecom.cat\/es\/wp-json\/wp\/v2\/media?parent=5133"}],"curies":[{"name":"wp","href":"https:\/\/api.w.org\/{rel}","templated":true}]}}