{"id":4711,"date":"2018-09-21T07:48:14","date_gmt":"2018-09-21T07:48:14","guid":{"rendered":"https:\/\/nimbustelecom.cat\/politica-de-cookies\/"},"modified":"2021-06-01T10:42:05","modified_gmt":"2021-06-01T10:42:05","slug":"politica-de-cookies","status":"publish","type":"page","link":"https:\/\/nimbustelecom.cat\/es\/politica-de-cookies\/","title":{"rendered":"Pol\u00edtica de Cookies"},"content":{"rendered":"<p>[vc_row css_animation=&#8221;&#8221; row_type=&#8221;row&#8221; use_row_as_full_screen_section=&#8221;no&#8221; type=&#8221;grid&#8221; angled_section=&#8221;no&#8221; text_align=&#8221;left&#8221; background_image_as_pattern=&#8221;without_pattern&#8221; z_index=&#8221;&#8221; padding_bottom=&#8221;120&#8243;][vc_column][vc_column_text]<\/p>\n<h1 style=\"text-align: center;\">Pol\u00edtica de Cookies<\/h1>\n<p>[\/vc_column_text][vc_empty_space height=&#8221;50px&#8221;][vc_column_text]<strong>ANTECEDENTES<\/strong><br \/>\nConformo la normativa espa\u00f1ola que regula el uso de cookies en relaci\u00f3n a la prestaci\u00f3n de servicios de comunicaciones electr\u00f3nicas, recogida en el Real decreto ley 13\/2012 del 30 de marzo, lo informamos sobre las cookies utilizadas en el sitio web de <strong>NIMBUS TELECOM S.L.<\/strong> (tambi\u00e9n el prestamista) y el motivo de su uso. As\u00ed mismo, le informa que al navegar en el Sitio web usted est\u00e1 prestando su consentimiento para poder utilizarlas.[\/vc_column_text][vc_empty_space height=&#8221;50px&#8221;][vc_column_text]<strong>QU\u00c9 SON LAS COOKIES?<\/strong><br \/>\nUna galleta es un fichero que se descarga a su ordenador al acceder a determinadas p\u00e1ginas web. Las cookies permiten en una p\u00e1gina web, entre otras cosas, almacenar y recuperar informaci\u00f3n sobre los h\u00e1bitos de navegaci\u00f3n de un usuario o de su equipo y, dependiendo de la informaci\u00f3n que contengan y de la forma en que utilice su equipo, se pueden utilizar para reconocer al usuario. Las cookies se asocian \u00fanicamente a un usuario an\u00f3nimo y su ordenador o dispositivo y no proporcionan referencias que permitan conocer sus datos personales.[\/vc_column_text][vc_empty_space][vc_column_text]<strong>COOKIES AFECTADAS POR LA NORMATIVA Y COOKIES EXENTAS<\/strong><br \/>\nSeg\u00fan la directiva de la UE, las cookies que requieren el consentimiento informado por parte del usuario son las cookies de anal\u00edtica y las de publicidad y afiliaci\u00f3n, quedando exceptuadas las de car\u00e1cter t\u00e9cnico y las necesarias para el funcionamiento del sitio web o la prestaci\u00f3n de servicios expresamente demandados por el usuario.[\/vc_column_text][vc_empty_space][vc_column_text]<strong>TIPO DE COOKIES<\/strong><br \/>\na) Seg\u00fan la entidad que las gestione, hay cookies <strong>propias<\/strong> (aquellas que se env\u00edan al equipo terminal del usuario desde un equipo o dominio gestionado por el propio editor y desde el cual se presta el servicio Solicitado por el usuario) y de terceros <strong><\/strong> (las que se env\u00edan al equipo terminal del usuario desde un equipo o dominio que no es gestionado por el editor, sino por otra entidad que trata los datos obtenidos mediante las cookies).<\/p>\n<p>b) Seg\u00fan el tiempo que permanecen activas, hay las de sesi\u00f3n <strong><\/strong> (dise\u00f1adas para pedir y almacenar datos mientras el usuario accede en una p\u00e1gina web) y las <strong>persistentes<\/strong> (en que los datos se almacenan en el terminal y pueden ser accedidas y tratadas durante un periodo definido por el responsable de la cookies. Puede ir de unos minutos en varios a\u00f1os).<\/p>\n<p>c) Seg\u00fan la finalidad <strong><\/strong> para la cual tratan la informaci\u00f3n que recopilan, pueden ser:<\/p>\n<ul>\n<li><strong>Cookies t\u00e9cnicas<\/strong> (necesarias para el uso del web y la prestaci\u00f3n del servicio contratado),<\/li>\n<li><strong>Cookies de personalizaci\u00f3n<\/strong> (que permiten al usuario acceder al servicio con caracter\u00edsticas predefinidas, como por ejemplo el idioma, tipo de navegador, configuraci\u00f3n regional, etc.)<\/li>\n<li><strong>Cookies de an\u00e1lisis<\/strong> (recogen informaci\u00f3n el uso que se realiza del web),<\/li>\n<li>Cookies publicitarias (recogen informaci\u00f3n sobre las preferencias y elecciones personales de los usuarios)<\/li>\n<li><strong>Cookies de afiliados<\/strong> (permiten hacer un seguimiento de las visitas procedentes otros webs, con las que el sitio web establece un contrato de afiliaci\u00f3n).<\/li>\n<\/ul>\n<p>[\/vc_column_text][vc_empty_space][vc_column_text]<strong>TIPO DE COOKIES UTILIZADAS POR ESTE SITIO WEB<\/strong>[\/vc_column_text][vc_empty_space height=&#8221;12px&#8221;][vc_row_inner row_type=&#8221;row&#8221; type=&#8221;full_width&#8221; text_align=&#8221;left&#8221; css_animation=&#8221;&#8221;][vc_column_inner width=&#8221;2\/12&#8243;][vc_column_text]<strong>COOKIE<\/strong>[\/vc_column_text][\/vc_column_inner][vc_column_inner width=&#8221;2\/12&#8243;][vc_column_text]<strong>PROVEEDOR<\/strong>[\/vc_column_text][\/vc_column_inner][vc_column_inner width=&#8221;6\/12&#8243;][vc_column_text]<strong>FINALIDAD DE LA COOKIE<\/strong><\/p>\n<p>[\/vc_column_text][\/vc_column_inner][vc_column_inner width=&#8221;2\/12&#8243;][vc_column_text]<strong>DURACI\u00d3N<\/strong>[\/vc_column_text][\/vc_column_inner][\/vc_row_inner][vc_separator type=&#8221;normal&#8221; up=&#8221;10&#8243; down=&#8221;10&#8243;][vc_row_inner row_type=&#8221;row&#8221; type=&#8221;full_width&#8221; text_align=&#8221;left&#8221; css_animation=&#8221;&#8221;][vc_column_inner width=&#8221;2\/12&#8243;][vc_column_text]Cookielawinfo-checkbox-necessary[\/vc_column_text][\/vc_column_inner][vc_column_inner width=&#8221;2\/12&#8243;][vc_column_text]GDPR[\/vc_column_text][\/vc_column_inner][vc_column_inner width=&#8221;6\/12&#8243;][vc_column_text]Utilizado para la aceptaci\u00f3n de cookies anal\u00edticas.<\/p>\n<p>[\/vc_column_text][\/vc_column_inner][vc_column_inner width=&#8221;2\/12&#8243;][vc_column_text]11 meses[\/vc_column_text][\/vc_column_inner][\/vc_row_inner][vc_separator type=&#8221;normal&#8221; up=&#8221;10&#8243; down=&#8221;10&#8243;][vc_row_inner row_type=&#8221;row&#8221; type=&#8221;full_width&#8221; text_align=&#8221;left&#8221; css_animation=&#8221;&#8221;][vc_column_inner width=&#8221;2\/12&#8243;][vc_column_text]Cookielawinfo-checkbox-necessary[\/vc_column_text][\/vc_column_inner][vc_column_inner width=&#8221;2\/12&#8243;][vc_column_text]GDPR[\/vc_column_text][\/vc_column_inner][vc_column_inner width=&#8221;6\/12&#8243;][vc_column_text]Utilizado para la aceptaci\u00f3n de cookies anal\u00edticas.<\/p>\n<p>[\/vc_column_text][\/vc_column_inner][vc_column_inner width=&#8221;2\/12&#8243;][vc_column_text]11 meses[\/vc_column_text][\/vc_column_inner][\/vc_row_inner][vc_separator type=&#8221;normal&#8221; up=&#8221;10&#8243; down=&#8221;10&#8243;][vc_row_inner row_type=&#8221;row&#8221; type=&#8221;full_width&#8221; text_align=&#8221;left&#8221; css_animation=&#8221;&#8221;][vc_column_inner width=&#8221;2\/12&#8243;][vc_column_text]_utma<\/p>\n<p>[\/vc_column_text][\/vc_column_inner][vc_column_inner width=&#8221;2\/12&#8243;][vc_column_text]Google Analytics[\/vc_column_text][\/vc_column_inner][vc_column_inner width=&#8221;6\/12&#8243;][vc_column_text]Apoya el uso de Google Analytics en el sitio web para poder hacer un seguimiento de la actividad realizada en \u00e9l.<\/p>\n<p>[\/vc_column_text][\/vc_column_inner][vc_column_inner width=&#8221;2\/12&#8243;][vc_column_text]2 a\u00f1os[\/vc_column_text][\/vc_column_inner][\/vc_row_inner][vc_separator type=&#8221;normal&#8221; up=&#8221;10&#8243; down=&#8221;10&#8243;][vc_row_inner row_type=&#8221;row&#8221; type=&#8221;full_width&#8221; text_align=&#8221;left&#8221; css_animation=&#8221;&#8221;][vc_column_inner width=&#8221;2\/12&#8243;][vc_column_text]_utmb[\/vc_column_text][\/vc_column_inner][vc_column_inner width=&#8221;2\/12&#8243;][vc_column_text]Google Analytics[\/vc_column_text][\/vc_column_inner][vc_column_inner width=&#8221;6\/12&#8243;][vc_column_text]Las cookies de Google Analytics recopilan informaci\u00f3n de registro est\u00e1ndar y datos sobre los h\u00e1bitos de los visitantes de forma an\u00f3nima.<\/p>\n<p>[\/vc_column_text][\/vc_column_inner][vc_column_inner width=&#8221;2\/12&#8243;][vc_column_text]30 minutos[\/vc_column_text][\/vc_column_inner][\/vc_row_inner][vc_separator type=&#8221;normal&#8221; up=&#8221;10&#8243; down=&#8221;10&#8243;][vc_row_inner row_type=&#8221;row&#8221; type=&#8221;full_width&#8221; text_align=&#8221;left&#8221; css_animation=&#8221;&#8221;][vc_column_inner width=&#8221;2\/12&#8243;][vc_column_text]_utmc[\/vc_column_text][\/vc_column_inner][vc_column_inner width=&#8221;2\/12&#8243;][vc_column_text]Google Analytics[\/vc_column_text][\/vc_column_inner][vc_column_inner width=&#8221;6\/12&#8243;][vc_column_text]Determina si es necesario establecer nueva sesi\u00f3n.<\/p>\n<p>[\/vc_column_text][\/vc_column_inner][vc_column_inner width=&#8221;2\/12&#8243;][vc_column_text]Sesi\u00f3n[\/vc_column_text][\/vc_column_inner][\/vc_row_inner][vc_separator type=&#8221;normal&#8221; up=&#8221;10&#8243; down=&#8221;10&#8243;][vc_row_inner row_type=&#8221;row&#8221; type=&#8221;full_width&#8221; text_align=&#8221;left&#8221; css_animation=&#8221;&#8221;][vc_column_inner width=&#8221;2\/12&#8243;][vc_column_text]_utmt[\/vc_column_text][\/vc_column_inner][vc_column_inner width=&#8221;2\/12&#8243;][vc_column_text]Google Analytics[\/vc_column_text][\/vc_column_inner][vc_column_inner width=&#8221;6\/12&#8243;][vc_column_text]Se utiliza para procesar el tipo de solicitud requerida por el usuario.<\/p>\n<p>[\/vc_column_text][\/vc_column_inner][vc_column_inner width=&#8221;2\/12&#8243;][vc_column_text]Sesi\u00f3n[\/vc_column_text][\/vc_column_inner][\/vc_row_inner][vc_separator type=&#8221;normal&#8221; up=&#8221;10&#8243; down=&#8221;10&#8243;][vc_row_inner row_type=&#8221;row&#8221; type=&#8221;full_width&#8221; text_align=&#8221;left&#8221; css_animation=&#8221;&#8221;][vc_column_inner width=&#8221;2\/12&#8243;][vc_column_text]_utmz[\/vc_column_text][\/vc_column_inner][vc_column_inner width=&#8221;2\/12&#8243;][vc_column_text]Google Analytics[\/vc_column_text][\/vc_column_inner][vc_column_inner width=&#8221;6\/12&#8243;][vc_column_text]Almacena el origen del visitante y el camino que ha seguido para acceder en la web.<\/p>\n<p>[\/vc_column_text][\/vc_column_inner][vc_column_inner width=&#8221;2\/12&#8243;][vc_column_text]6 meses[\/vc_column_text][\/vc_column_inner][\/vc_row_inner][vc_separator type=&#8221;normal&#8221; up=&#8221;10&#8243; down=&#8221;10&#8243;][vc_row_inner row_type=&#8221;row&#8221; type=&#8221;full_width&#8221; text_align=&#8221;left&#8221; css_animation=&#8221;&#8221;][vc_column_inner width=&#8221;2\/12&#8243;][vc_column_text]wp-wpml_current_language[\/vc_column_text][\/vc_column_inner][vc_column_inner width=&#8221;2\/12&#8243;][vc_column_text]WPML[\/vc_column_text][\/vc_column_inner][vc_column_inner width=&#8221;6\/12&#8243;][vc_column_text]Guarda la configuraci\u00f3n del idioma.<\/p>\n<p>[\/vc_column_text][\/vc_column_inner][vc_column_inner width=&#8221;2\/12&#8243;][vc_column_text]1 d\u00eda[\/vc_column_text][\/vc_column_inner][\/vc_row_inner][vc_separator type=&#8221;normal&#8221; up=&#8221;10&#8243; down=&#8221;10&#8243;][vc_row_inner row_type=&#8221;row&#8221; type=&#8221;full_width&#8221; text_align=&#8221;left&#8221; css_animation=&#8221;&#8221;][vc_column_inner width=&#8221;2\/12&#8243;][vc_column_text]wp-wpml_current_admin_language[\/vc_column_text][\/vc_column_inner][vc_column_inner width=&#8221;2\/12&#8243;][vc_column_text]WPML[\/vc_column_text][\/vc_column_inner][vc_column_inner width=&#8221;6\/12&#8243;][vc_column_text]Determina el idioma en el que se muestra el contenido de la p\u00e1gina.<\/p>\n<p>[\/vc_column_text][\/vc_column_inner][vc_column_inner width=&#8221;2\/12&#8243;][vc_column_text]Sesi\u00f3n[\/vc_column_text][\/vc_column_inner][\/vc_row_inner][vc_separator type=&#8221;normal&#8221; up=&#8221;10&#8243; down=&#8221;10&#8243;][vc_row_inner row_type=&#8221;row&#8221; type=&#8221;full_width&#8221; text_align=&#8221;left&#8221; css_animation=&#8221;&#8221;][vc_column_inner width=&#8221;2\/12&#8243;][vc_column_text]wordpress_test_cookie[\/vc_column_text][\/vc_column_inner][vc_column_inner width=&#8221;2\/12&#8243;][vc_column_text]WordPress[\/vc_column_text][\/vc_column_inner][vc_column_inner width=&#8221;6\/12&#8243;][vc_column_text]Esta cookie se utiliza porque el gestor de contenidos WordPress comprueba si el navegador tiene las cookies activadas.<\/p>\n<p>[\/vc_column_text][\/vc_column_inner][vc_column_inner width=&#8221;2\/12&#8243;][vc_column_text]Sesi\u00f3n[\/vc_column_text][\/vc_column_inner][\/vc_row_inner][vc_separator type=&#8221;normal&#8221; up=&#8221;10&#8243; down=&#8221;10&#8243;][vc_empty_space height=&#8221;50px&#8221;][vc_column_text]<strong>REVOCACI\u00d3N<\/strong><br \/>\nEn todo momento podr\u00e1 acceder a la configuraci\u00f3n de su navegador aceptando o rechazando todas las cookies, o bien seleccionar aquellas que la instalaci\u00f3n admite y las que no, siguiendo uno de los siguientes procedimientos, que depende del navegador que utilice:<\/p>\n<p><strong>Google Chrome<\/strong> (al Men\u00fa Herramientas):<br \/>\nConfiguraci\u00f3n &gt; Mostrar opciones avanzadas &gt; Privacidad (Configuraci\u00f3n de contenido) &gt; Cookies: <a href=\"https:\/\/support.google.com\/chrome\/answer\/95647?co=GENIE.Platform%3DDesktop&amp;hl=es\" target=\"_blank\" rel=\"noopener\">https:\/\/support.google.com\/chrome\/answer\/95647?co=genie.platform%3DDesktop&amp;hl=se<\/a><\/p>\n<p><strong>Microsoft Internet Explorer<\/strong> (al Men\u00fa Herramientas):<br \/>\nOpciones de Internet &gt; Privacidad &gt; Avanzada:<br \/>\n<a href=\"https:\/\/support.microsoft.com\/es-es\/help\/17442\/windows-internet-explorer-delete-manage-cookies\" target=\"_blank\" rel=\"noopener\">https:\/\/support.microsoft.com\/es-es\/help\/17442\/windows-internet-explorer-delete-manage-cookies<\/a><\/p>\n<p><strong>Firefox<\/strong>:<br \/>\nOpciones &gt; Privacidad &gt; Cookies:<br \/>\n<a href=\"https:\/\/support.mozilla.org\/es\/kb\/habilitar-y-deshabilitar-cookies-sitios-web-rastrear-preferencias\" target=\"_blank\" rel=\"noopener\">https:\/\/support.mozilla.org\/es\/kb\/habilitar-y-deshabilitar-cookies-sitios-web-rastrear-preferencias<\/a><br \/>\nSafari, iPad e iPhone:<br \/>\nPreferencias &gt; Privacidad<br \/>\nhttps:\/\/support.apple.com\/kb\/ph21411?locale=es_es<\/p>\n<p><strong>Opera<\/strong>:<br \/>\nConfiguraci\u00f3n &gt; Opciones &gt; Avanzada &gt; Cookies<br \/>\n<a href=\"http:\/\/help.opera.com\/Windows\/12.00\/es-ES\/cookies.html\" target=\"_blank\" rel=\"noopener\">http:\/\/help.opera.com\/windows\/12.00\/es-es\/cookies.html<\/a><\/p>\n<p>Estos navegadores est\u00e1n sometidos a actualizaciones o modificaciones, por el que no podemos garantizar que se ajusten completamente a la versi\u00f3n de su navegador. Tambi\u00e9n puede ser que utilice otro navegador no contemplado en estos enlaces como por ejemplo Konqueror, Arora, Flock, etc. Para evitar estos desajustos, puede acceder directamente desde las opciones de su navegador, generalmente al men\u00fa de &#8220;Opciones&#8221; a la secci\u00f3n de &#8220;Privacidad\u201d. (Por favor, consult\u00e1is la ayuda de su navegador para mayor informaci\u00f3n).[\/vc_column_text][vc_empty_space][vc_column_text]<strong>DESACTIVACI\u00d3N\/ACTIVACI\u00d3N Y ELIMINACI\u00d3N DE COOKIES<\/strong><\/p>\n<p>Para restringir o bloquear las cookies, se hace a trav\u00e9s de la configuraci\u00f3n del navegador.<\/p>\n<p>Si no desea que los sitios web pongan jefe cookie a su equipo, puede adaptar la configuraci\u00f3n del navegador de forma que se le notifique antes de que se coloque ning\u00fan cookie. Del mismo modo, puede adaptar la configuraci\u00f3n de forma que el navegador rechace todas las cookies, o \u00fanicamente las cookies de terceros. Tambi\u00e9n puede eliminar cualquier de las cookies que ya se encuentren en el equipo. Record\u00e1is que se tendr\u00e1 que adaptar por separado la configuraci\u00f3n de cada navegador y equipo que utilice.<br \/>\nRecord\u00e1is que si no desea recibir cookies, ya no podremos garantizar que nuestro sitio web funcione como es debido. Quiz\u00e1s algunas funciones del lugar se pierdan y es posible que ya no pueda ver ciertos sitios web. Adem\u00e1s, rechazar las cookies no quiere decir que ya no vaya a ver anuncios publicitarios. Simplemente los anuncios no se ajustar\u00e1n a sus intereses y se repetir\u00e1n con m\u00e1s frecuencia.<\/p>\n<p>Cada navegador tiene un m\u00e9todo diferente para adaptar la configuraci\u00f3n. Si hace falta, consult\u00e1is la funci\u00f3n de ayuda del navegador para establecer la configuraci\u00f3n correcta.<\/p>\n<p>Para desactivar las cookies al tel\u00e9fono m\u00f3vil, consult\u00e1is el manual del dispositivo para obtener m\u00e1s informaci\u00f3n.<\/p>\n<p>Pod\u00e9is obtener m\u00e1s informaci\u00f3n sobre las cookies a Internet, <a href=\"http:\/\/www.aboutcookies.org\/\" target=\"_blank\" rel=\"noopener\">http:\/\/www.aboutcookies.org\/<\/a>.<\/p>\n<p>Teniendo en cuenta la forma en que funciona Internet y los sitios web, no siempre contamos con informaci\u00f3n de las cookies que colocan terceras partes a trav\u00e9s de nuestro sitio web. Esto se aplica especialmente a casos en que nuestra p\u00e1gina web contiene el que se denominan elementos integrados: textos, documentos, im\u00e1genes o breves pel\u00edculas que se almacenan en otra parte, pero se muestran a nuestro sitio web o mediante el mismo.<\/p>\n<p>Por lo tanto, en caso de que se encuentre con este tipo de cookies en este sitio web y no est\u00e9n enumeradas en la lista anterior, le rogamos que nos lo comunique. O bien poneos en contacto directamente con el tercero para pedirle informaci\u00f3n sobre las cookies que coloca, la finalidad y la duraci\u00f3n de la cookie y como ha garantizado su privacidad.[\/vc_column_text][vc_empty_space][vc_column_text]<strong>Qui\u00e9n es el responsable del tratamiento de sus datos personales?<\/strong><\/p>\n<p><strong>NIMBUS TELECOM S.L.<\/strong> es el responsable del tratamiento de los datos personales que usted nos proporciona, situado en <strong>C\/ Tramontana 99<\/strong> y con <strong>CIF B55329643<\/strong>, Tel\u00e9fono <strong>972 850 155<\/strong> y mail de contacto <strong>info@nimbustelecon.cat<\/strong>.<\/p>\n<p>&nbsp;<\/p>\n<p><strong>Para que utilizamos sus datos personales?<\/strong><\/p>\n<p>La informaci\u00f3n recopilada a trav\u00e9s de las cookies propias (cookies de sesi\u00f3n y de entrada de usuario) se suelen utilizar para rastrear las acciones del usuario al rellenar los formularios en l\u00ednea en varias p\u00e1ginas, o como cesta de la compra para hacer el seguimiento de los art\u00edculos que el usuario ha seleccionado al pulsar un bot\u00f3n, o para personalizar la interface del usuario al visitar la p\u00e1gina web.<\/p>\n<p>La informaci\u00f3n recopilada a trav\u00e9s de las cookies de terceros es la siguiente:<\/p>\n<ul>\n<li>A trav\u00e9s de las cookies anal\u00edticas se analizan sus h\u00e1bitos de navegaci\u00f3n para mejorar los servicios prestados;<\/li>\n<li>A trav\u00e9s de las cookies de comportamiento se recoge informaci\u00f3n sobre las preferencias del usuario para gestionar los espacios publicitarios de la forma m\u00e1s eficaz posible; y<\/li>\n<li>A trav\u00e9s de las cookies publicitarias se mesura el rendimiento de los anuncios y se proporcionan recomendaciones relativas a productos basadas en datos estad\u00edsticos.<\/li>\n<\/ul>\n<p>Para ver exactamente el uso de las cookies ve\u00e1is el cuadro sobre el uso de las cookies en el presente documento.<\/p>\n<p>&nbsp;<\/p>\n<p><strong>Cu\u00e1l es la base legal para el tratamiento de sus datos personales?<\/strong><\/p>\n<p>La legitimaci\u00f3n para el tratamiento de sus datos personales viene dada por su consentimiento, otorgado en el momento de ponerse en contacto con nosotros, para la utilizaci\u00f3n de cookies anal\u00edticas, de comportamiento y publicitarias; para las cookies de sesi\u00f3n o personalizaci\u00f3n, la legitimaci\u00f3n para el tratamiento viene dada por el inter\u00e9s leg\u00edtimo del prestamista (responsable del tratamiento).<\/p>\n<p>&nbsp;<\/p>\n<p><strong>A quien comunicamos sus datos?<\/strong><\/p>\n<p>No se ceder\u00e1n ni comunicar\u00e1n datos a terceros, excepto por obligaci\u00f3n legal o a los terceros indicados en el caso de uso de cookies gestionadas por estos.<\/p>\n<p>Cu\u00e1l es el plazo de conservaci\u00f3n de sus datos?<\/p>\n<p>El plazo de conservaci\u00f3n de los datos recogidos es el indicado en el cuadro sobre el uso de las cookies en el presente documento.<\/p>\n<p>&nbsp;<\/p>\n<p><strong>Cu\u00e1les son sus derechos?<\/strong><\/p>\n<p>Los derechos que amparan al usuario son los de acceso, rectificaci\u00f3n, supresi\u00f3n, portabilidad de estos, retirada del consentimiento (sin que esto afecte la licitud del tratamiento otorgado previamente a su retirada), oposici\u00f3n al tratamiento, limitaci\u00f3n (en determinadas circunstancias) y a presentar una reclamaci\u00f3n ante la autoridad de control (la Agencia Espa\u00f1ola de protecci\u00f3n de datos, www.aepd.es).[\/vc_column_text][\/vc_column][\/vc_row]<\/p>\n","protected":false},"excerpt":{"rendered":"<p>[vc_row css_animation=&#8221;&#8221; row_type=&#8221;row&#8221; use_row_as_full_screen_section=&#8221;no&#8221; type=&#8221;grid&#8221; angled_section=&#8221;no&#8221; text_align=&#8221;left&#8221; background_image_as_pattern=&#8221;without_pattern&#8221; z_index=&#8221;&#8221; padding_bottom=&#8221;120&#8243;][vc_column][vc_column_text] Pol\u00edtica de Cookies [\/vc_column_text][vc_empty_space height=&#8221;50px&#8221;][vc_column_text]ANTECEDENTES Conformo la normativa espa\u00f1ola que regula el uso de cookies en relaci\u00f3n a la prestaci\u00f3n de servicios de comunicaciones electr\u00f3nicas, recogida en el Real decreto ley 13\/2012 del 30 de&#8230;<\/p>\n","protected":false},"author":1,"featured_media":0,"parent":0,"menu_order":0,"comment_status":"closed","ping_status":"closed","template":"","meta":[],"yoast_head":"<!-- This site is optimized with the Yoast SEO plugin v16.4 - https:\/\/yoast.com\/wordpress\/plugins\/seo\/ -->\n<title>Pol\u00edtica de Cookies | Nimbus Telecom<\/title>\n<meta name=\"robots\" content=\"noindex, follow\" \/>\n<meta property=\"og:locale\" content=\"es_ES\" \/>\n<meta property=\"og:type\" content=\"article\" \/>\n<meta property=\"og:title\" content=\"Pol\u00edtica de Cookies | Nimbus Telecom\" \/>\n<meta property=\"og:description\" content=\"[vc_row css_animation=&#8221;&#8221; row_type=&#8221;row&#8221; use_row_as_full_screen_section=&#8221;no&#8221; type=&#8221;grid&#8221; angled_section=&#8221;no&#8221; text_align=&#8221;left&#8221; background_image_as_pattern=&#8221;without_pattern&#8221; z_index=&#8221;&#8221; padding_bottom=&#8221;120&#8243;][vc_column][vc_column_text] Pol\u00edtica de Cookies [\/vc_column_text][vc_empty_space height=&#8221;50px&#8221;][vc_column_text]ANTECEDENTES Conformo la normativa espa\u00f1ola que regula el uso de cookies en relaci\u00f3n a la prestaci\u00f3n de servicios de comunicaciones electr\u00f3nicas, recogida en el Real decreto ley 13\/2012 del 30 de...\" \/>\n<meta property=\"og:url\" content=\"https:\/\/nimbustelecom.cat\/es\/politica-de-cookies\/\" \/>\n<meta property=\"og:site_name\" content=\"Nimbus Telecom\" \/>\n<meta property=\"article:modified_time\" content=\"2021-06-01T10:42:05+00:00\" \/>\n<meta name=\"twitter:card\" content=\"summary_large_image\" \/>\n<meta name=\"twitter:label1\" content=\"Tiempo de lectura\" \/>\n\t<meta name=\"twitter:data1\" content=\"8 minutos\" \/>\n<script type=\"application\/ld+json\" class=\"yoast-schema-graph\">{\"@context\":\"https:\/\/schema.org\",\"@graph\":[{\"@type\":\"Organization\",\"@id\":\"https:\/\/nimbustelecom.cat\/#organization\",\"name\":\"NIMBUS TELECOM S.L.\",\"url\":\"https:\/\/nimbustelecom.cat\/\",\"sameAs\":[],\"logo\":{\"@type\":\"ImageObject\",\"@id\":\"https:\/\/nimbustelecom.cat\/#logo\",\"inLanguage\":\"es\",\"url\":\"http:\/\/nimbustelecom.cat\/wp-content\/uploads\/2020\/02\/nimbus-logo-color.png\",\"contentUrl\":\"http:\/\/nimbustelecom.cat\/wp-content\/uploads\/2020\/02\/nimbus-logo-color.png\",\"width\":400,\"height\":113,\"caption\":\"NIMBUS TELECOM S.L.\"},\"image\":{\"@id\":\"https:\/\/nimbustelecom.cat\/#logo\"}},{\"@type\":\"WebSite\",\"@id\":\"https:\/\/nimbustelecom.cat\/#website\",\"url\":\"https:\/\/nimbustelecom.cat\/\",\"name\":\"Nimbus Telecom\",\"description\":\"Operador de Telecomunicacions\",\"publisher\":{\"@id\":\"https:\/\/nimbustelecom.cat\/#organization\"},\"potentialAction\":[{\"@type\":\"SearchAction\",\"target\":\"https:\/\/nimbustelecom.cat\/?s={search_term_string}\",\"query-input\":\"required name=search_term_string\"}],\"inLanguage\":\"es\"},{\"@type\":\"WebPage\",\"@id\":\"https:\/\/nimbustelecom.cat\/es\/politica-de-cookies\/#webpage\",\"url\":\"https:\/\/nimbustelecom.cat\/es\/politica-de-cookies\/\",\"name\":\"Pol\\u00edtica de Cookies | Nimbus Telecom\",\"isPartOf\":{\"@id\":\"https:\/\/nimbustelecom.cat\/#website\"},\"datePublished\":\"2018-09-21T07:48:14+00:00\",\"dateModified\":\"2021-06-01T10:42:05+00:00\",\"breadcrumb\":{\"@id\":\"https:\/\/nimbustelecom.cat\/es\/politica-de-cookies\/#breadcrumb\"},\"inLanguage\":\"es\",\"potentialAction\":[{\"@type\":\"ReadAction\",\"target\":[\"https:\/\/nimbustelecom.cat\/es\/politica-de-cookies\/\"]}]},{\"@type\":\"BreadcrumbList\",\"@id\":\"https:\/\/nimbustelecom.cat\/es\/politica-de-cookies\/#breadcrumb\",\"itemListElement\":[{\"@type\":\"ListItem\",\"position\":1,\"item\":{\"@type\":\"WebPage\",\"@id\":\"https:\/\/nimbustelecom.cat\/es\/\",\"url\":\"https:\/\/nimbustelecom.cat\/es\/\",\"name\":\"Inici\"}},{\"@type\":\"ListItem\",\"position\":2,\"item\":{\"@id\":\"https:\/\/nimbustelecom.cat\/es\/politica-de-cookies\/#webpage\"}}]}]}<\/script>\n<!-- \/ Yoast SEO plugin. -->","_links":{"self":[{"href":"https:\/\/nimbustelecom.cat\/es\/wp-json\/wp\/v2\/pages\/4711"}],"collection":[{"href":"https:\/\/nimbustelecom.cat\/es\/wp-json\/wp\/v2\/pages"}],"about":[{"href":"https:\/\/nimbustelecom.cat\/es\/wp-json\/wp\/v2\/types\/page"}],"author":[{"embeddable":true,"href":"https:\/\/nimbustelecom.cat\/es\/wp-json\/wp\/v2\/users\/1"}],"replies":[{"embeddable":true,"href":"https:\/\/nimbustelecom.cat\/es\/wp-json\/wp\/v2\/comments?post=4711"}],"version-history":[{"count":4,"href":"https:\/\/nimbustelecom.cat\/es\/wp-json\/wp\/v2\/pages\/4711\/revisions"}],"predecessor-version":[{"id":4830,"href":"https:\/\/nimbustelecom.cat\/es\/wp-json\/wp\/v2\/pages\/4711\/revisions\/4830"}],"wp:attachment":[{"href":"https:\/\/nimbustelecom.cat\/es\/wp-json\/wp\/v2\/media?parent=4711"}],"curies":[{"name":"wp","href":"https:\/\/api.w.org\/{rel}","templated":true}]}}