{"id":4589,"date":"2020-02-26T13:28:19","date_gmt":"2020-02-26T13:28:19","guid":{"rendered":"https:\/\/nimbustelecom.cat\/servicios\/sonoritzacio-megafonia-i-multimedia\/"},"modified":"2020-02-27T12:18:01","modified_gmt":"2020-02-27T12:18:01","slug":"sonorizacion-megafonia-y-multimedia","status":"publish","type":"page","link":"https:\/\/nimbustelecom.cat\/es\/servicios\/sonorizacion-megafonia-y-multimedia\/","title":{"rendered":"Sonorizaci\u00f3n, Megafon\u00eda y Multimedia"},"content":{"rendered":"<p>[vc_row css_animation=&#8221;&#8221; row_type=&#8221;row&#8221; use_row_as_full_screen_section=&#8221;no&#8221; type=&#8221;grid&#8221; angled_section=&#8221;no&#8221; text_align=&#8221;left&#8221; background_image_as_pattern=&#8221;without_pattern&#8221; z_index=&#8221;&#8221; padding_top=&#8221;80&#8243; padding_bottom=&#8221;90&#8243;][vc_column][vc_column_text]<\/p>\n<h2 style=\"font-weight: 400; font-size: 35px; line-height: 45px; text-align: center;\">Sonorizaci\u00f3n y Megafon\u00eda<\/h2>\n<p>[\/vc_column_text][vc_empty_space height=&#8221;40px&#8221;][vc_column_text]Nuestro equipo tambi\u00e9n te ofrece la posibilidad de instalar en tu negocio hilos musicales y megafon\u00eda para hacer avisos colectivos en tu empresa: supermercados, centros comerciales, f\u00e1bricas, talleres, etc.<\/p>\n<p>Sistemas de megafon\u00eda mediante centralitas telef\u00f3nicas.<\/p>\n<p>Sistemas de megafon\u00eda mediante APP&#8217;s WIFI.[\/vc_column_text][vc_empty_space height=&#8221;50px&#8221;][vc_column_text]<\/p>\n<h2 style=\"font-weight: 400; font-size: 35px; line-height: 45px; text-align: center;\">Multimedia y Audiovisuales<\/h2>\n<p>[\/vc_column_text][vc_empty_space height=&#8221;40px&#8221;][vc_column_text]Instalamos salas de reuniones, de actos, por videoconferencias, salas de espera, paneles de informaci\u00f3n.<\/p>\n<p>Tenemos la soluci\u00f3n para la producci\u00f3n y distribuci\u00f3n de contenido digital, orientado a la gesti\u00f3n y mantenimiento de tus campa\u00f1as de informaci\u00f3n y marketing. Permite al consumidor reconocer tu marca, tus productos, tus precios m\u00e1s competitivos, tus campa\u00f1as y promociones.[\/vc_column_text][vc_empty_space height=&#8221;50px&#8221;][vc_row_inner row_type=&#8221;row&#8221; type=&#8221;full_width&#8221; text_align=&#8221;left&#8221; css_animation=&#8221;&#8221;][vc_column_inner width=&#8221;1\/3&#8243;]<div class='q_icon_with_title large normal_icon center '><div class=\"icon_holder \" style=\" \"><span data-icon-type=\"normal\"  data-icon-hover-color=\"#ff4d0e\" style=\"\" class=\"qode_iwt_icon_holder q_font_awsome_icon fa-4x  qode-type1-gradient-left-to-right-text\"><i class=\"qode_icon_font_awesome fa fa-signal qode_iwt_icon_element\" style=\"color: #ff4d0e;\" ><\/i><\/span><\/div><div class=\"icon_text_holder\" style=\"\"><div class=\"icon_text_inner\" style=\"\"><h5 class=\"icon_title\" style=\"font-weight: 400;\">Incremento del flujo de clientes<\/h5><p style=''>Las largas colas de espera afectan en las tiendas diariamente. La reducci\u00f3n del tiempo de espera puede ser de gran importancia para la satisfacci\u00f3n del cliente, lo cual, en \u00faltima instancia, repercute en tus beneficios.<\/p><\/div><\/div><\/div>[vc_empty_space height=&#8221;20px&#8221;][\/vc_column_inner][vc_column_inner width=&#8221;1\/3&#8243;]<div class='q_icon_with_title large normal_icon center '><div class=\"icon_holder \" style=\" \"><span data-icon-type=\"normal\"  data-icon-hover-color=\"#ff4d0e\" style=\"\" class=\"qode_iwt_icon_holder q_font_awsome_icon fa-4x  qode-type1-gradient-left-to-right-text\"><i class=\"qode_icon_font_awesome fa fa-thumbs-up qode_iwt_icon_element\" style=\"color: #ff4d0e;\" ><\/i><\/span><\/div><div class=\"icon_text_holder\" style=\"\"><div class=\"icon_text_inner\" style=\"\"><h5 class=\"icon_title\" style=\"font-weight: 400;\">Aumenta el nivel de satisfacci\u00f3n y fidelizaci\u00f3n del cliente<\/h5><p style=''>Una buena experiencia de compra har\u00e1 que tu cliente vuelva a tu establecimiento m\u00e1s a menudo.<\/p><\/div><\/div><\/div>[vc_empty_space height=&#8221;20px&#8221;][\/vc_column_inner][vc_column_inner width=&#8221;1\/3&#8243;]<div class='q_icon_with_title large normal_icon center '><div class=\"icon_holder \" style=\" \"><span data-icon-type=\"normal\"  data-icon-hover-color=\"#ff4d0e\" style=\"\" class=\"qode_iwt_icon_holder q_font_awsome_icon fa-4x  qode-type1-gradient-left-to-right-text\"><i class=\"qode_icon_font_awesome fa fa-clock-o qode_iwt_icon_element\" style=\"color: #ff4d0e;\" ><\/i><\/span><\/div><div class=\"icon_text_holder\" style=\"\"><div class=\"icon_text_inner\" style=\"\"><h5 class=\"icon_title\" style=\"font-weight: 400;\">Espera m\u00e1s agradable y rentable<\/h5><p style=''>Nuestro sistema es muy \u00fatil para el entretenimiento del cliente y, a la vez, una excelente oportunidad de aumentar las ventas. Las pantallas tambi\u00e9n se pueden utilizar para mostrar informaci\u00f3n de tus promociones y novedades.<\/p><\/div><\/div><\/div>[vc_empty_space height=&#8221;20px&#8221;][\/vc_column_inner][\/vc_row_inner][\/vc_column][\/vc_row]<\/p>\n","protected":false},"excerpt":{"rendered":"<p>[vc_row css_animation=&#8221;&#8221; row_type=&#8221;row&#8221; use_row_as_full_screen_section=&#8221;no&#8221; type=&#8221;grid&#8221; angled_section=&#8221;no&#8221; text_align=&#8221;left&#8221; background_image_as_pattern=&#8221;without_pattern&#8221; z_index=&#8221;&#8221; padding_top=&#8221;80&#8243; padding_bottom=&#8221;90&#8243;][vc_column][vc_column_text] Sonorizaci\u00f3n y Megafon\u00eda [\/vc_column_text][vc_empty_space height=&#8221;40px&#8221;][vc_column_text]Nuestro equipo tambi\u00e9n te ofrece la posibilidad de instalar en tu negocio hilos musicales y megafon\u00eda para hacer avisos colectivos en tu empresa: supermercados, centros comerciales, f\u00e1bricas, talleres, etc. Sistemas&#8230;<\/p>\n","protected":false},"author":1,"featured_media":4458,"parent":4572,"menu_order":6,"comment_status":"closed","ping_status":"closed","template":"full_width.php","meta":[],"yoast_head":"<!-- This site is optimized with the Yoast SEO plugin v16.4 - https:\/\/yoast.com\/wordpress\/plugins\/seo\/ -->\n<title>Sonorizaci\u00f3n, Megafon\u00eda y Multimedia | Nimbus Telecom | Servicios<\/title>\n<meta name=\"description\" content=\"Nuestro equipo tambi\u00e9n te ofrece la posibilidad de instalar en tu negocio hilos musicales y megafon\u00eda para hacer avisos colectivos en tu empresa.\" \/>\n<meta name=\"robots\" content=\"index, follow, max-snippet:-1, max-image-preview:large, max-video-preview:-1\" \/>\n<link rel=\"canonical\" href=\"https:\/\/nimbustelecom.cat\/es\/servicios\/sonorizacion-megafonia-y-multimedia\/\" \/>\n<meta property=\"og:locale\" content=\"es_ES\" \/>\n<meta property=\"og:type\" content=\"article\" \/>\n<meta property=\"og:title\" content=\"Sonorizaci\u00f3n, Megafon\u00eda y Multimedia | Nimbus Telecom | Servicios\" \/>\n<meta property=\"og:description\" content=\"Nuestro equipo tambi\u00e9n te ofrece la posibilidad de instalar en tu negocio hilos musicales y megafon\u00eda para hacer avisos colectivos en tu empresa.\" \/>\n<meta property=\"og:url\" content=\"https:\/\/nimbustelecom.cat\/es\/servicios\/sonorizacion-megafonia-y-multimedia\/\" \/>\n<meta property=\"og:site_name\" content=\"Nimbus Telecom\" \/>\n<meta property=\"article:modified_time\" content=\"2020-02-27T12:18:01+00:00\" \/>\n<meta property=\"og:image\" content=\"http:\/\/nimbustelecom.cat\/wp-content\/uploads\/2020\/02\/nimbus-sonoritzacio-megafonia-multimedia.jpg\" \/>\n\t<meta property=\"og:image:width\" content=\"1920\" \/>\n\t<meta property=\"og:image:height\" content=\"650\" \/>\n<meta name=\"twitter:card\" content=\"summary_large_image\" \/>\n<meta name=\"twitter:label1\" content=\"Tiempo de lectura\" \/>\n\t<meta name=\"twitter:data1\" content=\"3 minutos\" \/>\n<script type=\"application\/ld+json\" class=\"yoast-schema-graph\">{\"@context\":\"https:\/\/schema.org\",\"@graph\":[{\"@type\":\"Organization\",\"@id\":\"https:\/\/nimbustelecom.cat\/#organization\",\"name\":\"NIMBUS TELECOM S.L.\",\"url\":\"https:\/\/nimbustelecom.cat\/\",\"sameAs\":[],\"logo\":{\"@type\":\"ImageObject\",\"@id\":\"https:\/\/nimbustelecom.cat\/#logo\",\"inLanguage\":\"es\",\"url\":\"http:\/\/nimbustelecom.cat\/wp-content\/uploads\/2020\/02\/nimbus-logo-color.png\",\"contentUrl\":\"http:\/\/nimbustelecom.cat\/wp-content\/uploads\/2020\/02\/nimbus-logo-color.png\",\"width\":400,\"height\":113,\"caption\":\"NIMBUS TELECOM S.L.\"},\"image\":{\"@id\":\"https:\/\/nimbustelecom.cat\/#logo\"}},{\"@type\":\"WebSite\",\"@id\":\"https:\/\/nimbustelecom.cat\/#website\",\"url\":\"https:\/\/nimbustelecom.cat\/\",\"name\":\"Nimbus Telecom\",\"description\":\"Operador de Telecomunicacions\",\"publisher\":{\"@id\":\"https:\/\/nimbustelecom.cat\/#organization\"},\"potentialAction\":[{\"@type\":\"SearchAction\",\"target\":\"https:\/\/nimbustelecom.cat\/?s={search_term_string}\",\"query-input\":\"required name=search_term_string\"}],\"inLanguage\":\"es\"},{\"@type\":\"ImageObject\",\"@id\":\"https:\/\/nimbustelecom.cat\/es\/servicios\/sonorizacion-megafonia-y-multimedia\/#primaryimage\",\"inLanguage\":\"es\",\"url\":\"https:\/\/nimbustelecom.cat\/wp-content\/uploads\/2020\/02\/nimbus-sonoritzacio-megafonia-multimedia.jpg\",\"contentUrl\":\"https:\/\/nimbustelecom.cat\/wp-content\/uploads\/2020\/02\/nimbus-sonoritzacio-megafonia-multimedia.jpg\",\"width\":1920,\"height\":650,\"caption\":\"Sonoritzaci\\u00f3, Megafonia i Multim\\u00e8dia\"},{\"@type\":\"WebPage\",\"@id\":\"https:\/\/nimbustelecom.cat\/es\/servicios\/sonorizacion-megafonia-y-multimedia\/#webpage\",\"url\":\"https:\/\/nimbustelecom.cat\/es\/servicios\/sonorizacion-megafonia-y-multimedia\/\",\"name\":\"Sonorizaci\\u00f3n, Megafon\\u00eda y Multimedia | Nimbus Telecom | Servicios\",\"isPartOf\":{\"@id\":\"https:\/\/nimbustelecom.cat\/#website\"},\"primaryImageOfPage\":{\"@id\":\"https:\/\/nimbustelecom.cat\/es\/servicios\/sonorizacion-megafonia-y-multimedia\/#primaryimage\"},\"datePublished\":\"2020-02-26T13:28:19+00:00\",\"dateModified\":\"2020-02-27T12:18:01+00:00\",\"description\":\"Nuestro equipo tambi\\u00e9n te ofrece la posibilidad de instalar en tu negocio hilos musicales y megafon\\u00eda para hacer avisos colectivos en tu empresa.\",\"breadcrumb\":{\"@id\":\"https:\/\/nimbustelecom.cat\/es\/servicios\/sonorizacion-megafonia-y-multimedia\/#breadcrumb\"},\"inLanguage\":\"es\",\"potentialAction\":[{\"@type\":\"ReadAction\",\"target\":[\"https:\/\/nimbustelecom.cat\/es\/servicios\/sonorizacion-megafonia-y-multimedia\/\"]}]},{\"@type\":\"BreadcrumbList\",\"@id\":\"https:\/\/nimbustelecom.cat\/es\/servicios\/sonorizacion-megafonia-y-multimedia\/#breadcrumb\",\"itemListElement\":[{\"@type\":\"ListItem\",\"position\":1,\"item\":{\"@type\":\"WebPage\",\"@id\":\"https:\/\/nimbustelecom.cat\/es\/\",\"url\":\"https:\/\/nimbustelecom.cat\/es\/\",\"name\":\"Inici\"}},{\"@type\":\"ListItem\",\"position\":2,\"item\":{\"@type\":\"WebPage\",\"@id\":\"https:\/\/nimbustelecom.cat\/es\/servicios\/\",\"url\":\"https:\/\/nimbustelecom.cat\/es\/servicios\/\",\"name\":\"Servicios\"}},{\"@type\":\"ListItem\",\"position\":3,\"item\":{\"@id\":\"https:\/\/nimbustelecom.cat\/es\/servicios\/sonorizacion-megafonia-y-multimedia\/#webpage\"}}]}]}<\/script>\n<!-- \/ Yoast SEO plugin. -->","_links":{"self":[{"href":"https:\/\/nimbustelecom.cat\/es\/wp-json\/wp\/v2\/pages\/4589"}],"collection":[{"href":"https:\/\/nimbustelecom.cat\/es\/wp-json\/wp\/v2\/pages"}],"about":[{"href":"https:\/\/nimbustelecom.cat\/es\/wp-json\/wp\/v2\/types\/page"}],"author":[{"embeddable":true,"href":"https:\/\/nimbustelecom.cat\/es\/wp-json\/wp\/v2\/users\/1"}],"replies":[{"embeddable":true,"href":"https:\/\/nimbustelecom.cat\/es\/wp-json\/wp\/v2\/comments?post=4589"}],"version-history":[{"count":2,"href":"https:\/\/nimbustelecom.cat\/es\/wp-json\/wp\/v2\/pages\/4589\/revisions"}],"predecessor-version":[{"id":4591,"href":"https:\/\/nimbustelecom.cat\/es\/wp-json\/wp\/v2\/pages\/4589\/revisions\/4591"}],"up":[{"embeddable":true,"href":"https:\/\/nimbustelecom.cat\/es\/wp-json\/wp\/v2\/pages\/4572"}],"wp:featuredmedia":[{"embeddable":true,"href":"https:\/\/nimbustelecom.cat\/es\/wp-json\/wp\/v2\/media\/4458"}],"wp:attachment":[{"href":"https:\/\/nimbustelecom.cat\/es\/wp-json\/wp\/v2\/media?parent=4589"}],"curies":[{"name":"wp","href":"https:\/\/api.w.org\/{rel}","templated":true}]}}