{"id":4579,"date":"2020-02-26T13:30:20","date_gmt":"2020-02-26T13:30:20","guid":{"rendered":"https:\/\/nimbustelecom.cat\/servicios\/enginyeria\/"},"modified":"2020-02-27T12:03:34","modified_gmt":"2020-02-27T12:03:34","slug":"ingenieria","status":"publish","type":"page","link":"https:\/\/nimbustelecom.cat\/es\/servicios\/ingenieria\/","title":{"rendered":"Ingenier\u00eda"},"content":{"rendered":"<p>[vc_row css_animation=&#8221;&#8221; row_type=&#8221;row&#8221; use_row_as_full_screen_section=&#8221;no&#8221; type=&#8221;grid&#8221; angled_section=&#8221;no&#8221; text_align=&#8221;left&#8221; background_image_as_pattern=&#8221;without_pattern&#8221; z_index=&#8221;&#8221; padding_top=&#8221;80&#8243; padding_bottom=&#8221;90&#8243;][vc_column][vc_column_text]Disponemos de ingenier\u00eda propia capaz de ofrecer servicios de:[\/vc_column_text][vc_empty_space height=&#8221;50px&#8221;][vc_row_inner row_type=&#8221;row&#8221; type=&#8221;full_width&#8221; text_align=&#8221;left&#8221; css_animation=&#8221;&#8221;][vc_column_inner width=&#8221;1\/6&#8243;]<div class='q_icon_with_title large normal_icon center '><div class=\"icon_holder \" style=\" \"><span data-icon-type=\"normal\"  data-icon-hover-color=\"#ff4d0e\" style=\"\" class=\"qode_iwt_icon_holder q_font_awsome_icon fa-4x  qode-type1-gradient-left-to-right-text\"><i class=\"qode_icon_font_awesome fa fa-area-chart qode_iwt_icon_element\" style=\"color: #ff4d0e;\" ><\/i><\/span><\/div><div class=\"icon_text_holder\" style=\"\"><div class=\"icon_text_inner\" style=\"\"><h5 class=\"icon_title\" style=\"font-weight: 400;\">Exposici\u00f3n a Emisiones Radioel\u00e9ctricas<\/h5><p style=''><\/p><\/div><\/div><\/div>[vc_empty_space height=&#8221;20px&#8221;][\/vc_column_inner][vc_column_inner width=&#8221;1\/6&#8243;]<div class='q_icon_with_title large normal_icon center '><div class=\"icon_holder \" style=\" \"><span data-icon-type=\"normal\"  data-icon-hover-color=\"#ff4d0e\" style=\"\" class=\"qode_iwt_icon_holder q_font_awsome_icon fa-4x  qode-type1-gradient-left-to-right-text\"><i class=\"qode_icon_font_awesome fa fa-bar-chart qode_iwt_icon_element\" style=\"color: #ff4d0e;\" ><\/i><\/span><\/div><div class=\"icon_text_holder\" style=\"\"><div class=\"icon_text_inner\" style=\"\"><h5 class=\"icon_title\" style=\"font-weight: 400;\">Espectro Radioel\u00e9ctrico<\/h5><p style=''><\/p><\/div><\/div><\/div>[vc_empty_space height=&#8221;20px&#8221;][\/vc_column_inner][vc_column_inner width=&#8221;1\/6&#8243;]<div class='q_icon_with_title large normal_icon center '><div class=\"icon_holder \" style=\" \"><span data-icon-type=\"normal\"  data-icon-hover-color=\"#ff4d0e\" style=\"\" class=\"qode_iwt_icon_holder q_font_awsome_icon fa-4x  qode-type1-gradient-left-to-right-text\"><i class=\"qode_icon_font_awesome fa fa-wifi qode_iwt_icon_element\" style=\"color: #ff4d0e;\" ><\/i><\/span><\/div><div class=\"icon_text_holder\" style=\"\"><div class=\"icon_text_inner\" style=\"\"><h5 class=\"icon_title\" style=\"font-weight: 400;\">Despliegue de redes de radiocomunicaciones<\/h5><p style=''><\/p><\/div><\/div><\/div>[vc_empty_space height=&#8221;20px&#8221;][\/vc_column_inner][vc_column_inner width=&#8221;1\/6&#8243;]<div class='q_icon_with_title large normal_icon center '><div class=\"icon_holder \" style=\" \"><span data-icon-type=\"normal\"  data-icon-hover-color=\"#ff4d0e\" style=\"\" class=\"qode_iwt_icon_holder q_font_awsome_icon fa-4x  qode-type1-gradient-left-to-right-text\"><i class=\"qode_icon_font_awesome fa fa-file-audio-o qode_iwt_icon_element\" style=\"color: #ff4d0e;\" ><\/i><\/span><\/div><div class=\"icon_text_holder\" style=\"\"><div class=\"icon_text_inner\" style=\"\"><h5 class=\"icon_title\" style=\"font-weight: 400;\">Proyectos ICT<\/h5><p style=''><\/p><\/div><\/div><\/div>[vc_empty_space height=&#8221;20px&#8221;][\/vc_column_inner][vc_column_inner width=&#8221;1\/6&#8243;]<div class='q_icon_with_title large normal_icon center '><div class=\"icon_holder \" style=\" \"><span data-icon-type=\"normal\"  data-icon-hover-color=\"#ff4d0e\" style=\"\" class=\"qode_iwt_icon_holder q_font_awsome_icon fa-4x  qode-type1-gradient-left-to-right-text\"><i class=\"qode_icon_font_awesome fa fa-wrench qode_iwt_icon_element\" style=\"color: #ff4d0e;\" ><\/i><\/span><\/div><div class=\"icon_text_holder\" style=\"\"><div class=\"icon_text_inner\" style=\"\"><h5 class=\"icon_title\" style=\"font-weight: 400;\">Instalaciones de torres de comunicaciones<\/h5><p style=''><\/p><\/div><\/div><\/div>[vc_empty_space height=&#8221;20px&#8221;][\/vc_column_inner][vc_column_inner width=&#8221;1\/6&#8243;]<div class='q_icon_with_title large normal_icon center '><div class=\"icon_holder \" style=\" \"><span data-icon-type=\"normal\"  data-icon-hover-color=\"#ff4d0e\" style=\"\" class=\"qode_iwt_icon_holder q_font_awsome_icon fa-4x  qode-type1-gradient-left-to-right-text\"><i class=\"qode_icon_font_awesome fa fa-lock qode_iwt_icon_element\" style=\"color: #ff4d0e;\" ><\/i><\/span><\/div><div class=\"icon_text_holder\" style=\"\"><div class=\"icon_text_inner\" style=\"\"><h5 class=\"icon_title\" style=\"font-weight: 400;\">Proyectos de seguridad<\/h5><p style=''><\/p><\/div><\/div><\/div>[vc_empty_space height=&#8221;20px&#8221;][\/vc_column_inner][\/vc_row_inner][\/vc_column][\/vc_row]<\/p>\n","protected":false},"excerpt":{"rendered":"<p>[vc_row css_animation=&#8221;&#8221; row_type=&#8221;row&#8221; use_row_as_full_screen_section=&#8221;no&#8221; type=&#8221;grid&#8221; angled_section=&#8221;no&#8221; text_align=&#8221;left&#8221; background_image_as_pattern=&#8221;without_pattern&#8221; z_index=&#8221;&#8221; padding_top=&#8221;80&#8243; padding_bottom=&#8221;90&#8243;][vc_column][vc_column_text]Disponemos de ingenier\u00eda propia capaz de ofrecer servicios de:[\/vc_column_text][vc_empty_space height=&#8221;50px&#8221;][vc_row_inner row_type=&#8221;row&#8221; type=&#8221;full_width&#8221; text_align=&#8221;left&#8221; css_animation=&#8221;&#8221;][vc_column_inner width=&#8221;1\/6&#8243;][vc_empty_space height=&#8221;20px&#8221;][\/vc_column_inner][vc_column_inner width=&#8221;1\/6&#8243;][vc_empty_space height=&#8221;20px&#8221;][\/vc_column_inner][vc_column_inner width=&#8221;1\/6&#8243;][vc_empty_space height=&#8221;20px&#8221;][\/vc_column_inner][vc_column_inner width=&#8221;1\/6&#8243;][vc_empty_space height=&#8221;20px&#8221;][\/vc_column_inner][vc_column_inner width=&#8221;1\/6&#8243;][vc_empty_space height=&#8221;20px&#8221;][\/vc_column_inner][vc_column_inner width=&#8221;1\/6&#8243;][vc_empty_space height=&#8221;20px&#8221;][\/vc_column_inner][\/vc_row_inner][\/vc_column][\/vc_row]<\/p>\n","protected":false},"author":1,"featured_media":4459,"parent":4572,"menu_order":8,"comment_status":"closed","ping_status":"closed","template":"full_width.php","meta":[],"yoast_head":"<!-- This site is optimized with the Yoast SEO plugin v16.4 - https:\/\/yoast.com\/wordpress\/plugins\/seo\/ -->\n<title>Ingenier\u00eda | Nimbus Telecom | Servicios<\/title>\n<meta name=\"description\" content=\"Disponemos de ingenier\u00eda propia capaz de ofrecer servicios de: Exposici\u00f3n a Emisiones Radioel\u00e9ctricas, Espectro Radioel\u00e9ctrico, Proyectos ICT...\" \/>\n<meta name=\"robots\" content=\"index, follow, max-snippet:-1, max-image-preview:large, max-video-preview:-1\" \/>\n<link rel=\"canonical\" href=\"https:\/\/nimbustelecom.cat\/es\/servicios\/ingenieria\/\" \/>\n<meta property=\"og:locale\" content=\"es_ES\" \/>\n<meta property=\"og:type\" content=\"article\" \/>\n<meta property=\"og:title\" content=\"Ingenier\u00eda | Nimbus Telecom | Servicios\" \/>\n<meta property=\"og:description\" content=\"Disponemos de ingenier\u00eda propia capaz de ofrecer servicios de: Exposici\u00f3n a Emisiones Radioel\u00e9ctricas, Espectro Radioel\u00e9ctrico, Proyectos ICT...\" \/>\n<meta property=\"og:url\" content=\"https:\/\/nimbustelecom.cat\/es\/servicios\/ingenieria\/\" \/>\n<meta property=\"og:site_name\" content=\"Nimbus Telecom\" \/>\n<meta property=\"article:modified_time\" content=\"2020-02-27T12:03:34+00:00\" \/>\n<meta property=\"og:image\" content=\"http:\/\/nimbustelecom.cat\/wp-content\/uploads\/2020\/02\/nimbus-enginyeria.jpg\" \/>\n\t<meta property=\"og:image:width\" content=\"1920\" \/>\n\t<meta property=\"og:image:height\" content=\"650\" \/>\n<meta name=\"twitter:card\" content=\"summary_large_image\" \/>\n<meta name=\"twitter:label1\" content=\"Tiempo de lectura\" \/>\n\t<meta name=\"twitter:data1\" content=\"2 minutos\" \/>\n<script type=\"application\/ld+json\" class=\"yoast-schema-graph\">{\"@context\":\"https:\/\/schema.org\",\"@graph\":[{\"@type\":\"Organization\",\"@id\":\"https:\/\/nimbustelecom.cat\/#organization\",\"name\":\"NIMBUS TELECOM S.L.\",\"url\":\"https:\/\/nimbustelecom.cat\/\",\"sameAs\":[],\"logo\":{\"@type\":\"ImageObject\",\"@id\":\"https:\/\/nimbustelecom.cat\/#logo\",\"inLanguage\":\"es\",\"url\":\"http:\/\/nimbustelecom.cat\/wp-content\/uploads\/2020\/02\/nimbus-logo-color.png\",\"contentUrl\":\"http:\/\/nimbustelecom.cat\/wp-content\/uploads\/2020\/02\/nimbus-logo-color.png\",\"width\":400,\"height\":113,\"caption\":\"NIMBUS TELECOM S.L.\"},\"image\":{\"@id\":\"https:\/\/nimbustelecom.cat\/#logo\"}},{\"@type\":\"WebSite\",\"@id\":\"https:\/\/nimbustelecom.cat\/#website\",\"url\":\"https:\/\/nimbustelecom.cat\/\",\"name\":\"Nimbus Telecom\",\"description\":\"Operador de Telecomunicacions\",\"publisher\":{\"@id\":\"https:\/\/nimbustelecom.cat\/#organization\"},\"potentialAction\":[{\"@type\":\"SearchAction\",\"target\":\"https:\/\/nimbustelecom.cat\/?s={search_term_string}\",\"query-input\":\"required name=search_term_string\"}],\"inLanguage\":\"es\"},{\"@type\":\"ImageObject\",\"@id\":\"https:\/\/nimbustelecom.cat\/es\/servicios\/ingenieria\/#primaryimage\",\"inLanguage\":\"es\",\"url\":\"https:\/\/nimbustelecom.cat\/wp-content\/uploads\/2020\/02\/nimbus-enginyeria.jpg\",\"contentUrl\":\"https:\/\/nimbustelecom.cat\/wp-content\/uploads\/2020\/02\/nimbus-enginyeria.jpg\",\"width\":1920,\"height\":650,\"caption\":\"Enginyeria\"},{\"@type\":\"WebPage\",\"@id\":\"https:\/\/nimbustelecom.cat\/es\/servicios\/ingenieria\/#webpage\",\"url\":\"https:\/\/nimbustelecom.cat\/es\/servicios\/ingenieria\/\",\"name\":\"Ingenier\\u00eda | Nimbus Telecom | Servicios\",\"isPartOf\":{\"@id\":\"https:\/\/nimbustelecom.cat\/#website\"},\"primaryImageOfPage\":{\"@id\":\"https:\/\/nimbustelecom.cat\/es\/servicios\/ingenieria\/#primaryimage\"},\"datePublished\":\"2020-02-26T13:30:20+00:00\",\"dateModified\":\"2020-02-27T12:03:34+00:00\",\"description\":\"Disponemos de ingenier\\u00eda propia capaz de ofrecer servicios de: Exposici\\u00f3n a Emisiones Radioel\\u00e9ctricas, Espectro Radioel\\u00e9ctrico, Proyectos ICT...\",\"breadcrumb\":{\"@id\":\"https:\/\/nimbustelecom.cat\/es\/servicios\/ingenieria\/#breadcrumb\"},\"inLanguage\":\"es\",\"potentialAction\":[{\"@type\":\"ReadAction\",\"target\":[\"https:\/\/nimbustelecom.cat\/es\/servicios\/ingenieria\/\"]}]},{\"@type\":\"BreadcrumbList\",\"@id\":\"https:\/\/nimbustelecom.cat\/es\/servicios\/ingenieria\/#breadcrumb\",\"itemListElement\":[{\"@type\":\"ListItem\",\"position\":1,\"item\":{\"@type\":\"WebPage\",\"@id\":\"https:\/\/nimbustelecom.cat\/es\/\",\"url\":\"https:\/\/nimbustelecom.cat\/es\/\",\"name\":\"Inici\"}},{\"@type\":\"ListItem\",\"position\":2,\"item\":{\"@type\":\"WebPage\",\"@id\":\"https:\/\/nimbustelecom.cat\/es\/servicios\/\",\"url\":\"https:\/\/nimbustelecom.cat\/es\/servicios\/\",\"name\":\"Servicios\"}},{\"@type\":\"ListItem\",\"position\":3,\"item\":{\"@id\":\"https:\/\/nimbustelecom.cat\/es\/servicios\/ingenieria\/#webpage\"}}]}]}<\/script>\n<!-- \/ Yoast SEO plugin. -->","_links":{"self":[{"href":"https:\/\/nimbustelecom.cat\/es\/wp-json\/wp\/v2\/pages\/4579"}],"collection":[{"href":"https:\/\/nimbustelecom.cat\/es\/wp-json\/wp\/v2\/pages"}],"about":[{"href":"https:\/\/nimbustelecom.cat\/es\/wp-json\/wp\/v2\/types\/page"}],"author":[{"embeddable":true,"href":"https:\/\/nimbustelecom.cat\/es\/wp-json\/wp\/v2\/users\/1"}],"replies":[{"embeddable":true,"href":"https:\/\/nimbustelecom.cat\/es\/wp-json\/wp\/v2\/comments?post=4579"}],"version-history":[{"count":2,"href":"https:\/\/nimbustelecom.cat\/es\/wp-json\/wp\/v2\/pages\/4579\/revisions"}],"predecessor-version":[{"id":4581,"href":"https:\/\/nimbustelecom.cat\/es\/wp-json\/wp\/v2\/pages\/4579\/revisions\/4581"}],"up":[{"embeddable":true,"href":"https:\/\/nimbustelecom.cat\/es\/wp-json\/wp\/v2\/pages\/4572"}],"wp:featuredmedia":[{"embeddable":true,"href":"https:\/\/nimbustelecom.cat\/es\/wp-json\/wp\/v2\/media\/4459"}],"wp:attachment":[{"href":"https:\/\/nimbustelecom.cat\/es\/wp-json\/wp\/v2\/media?parent=4579"}],"curies":[{"name":"wp","href":"https:\/\/api.w.org\/{rel}","templated":true}]}}